{"id":6,"date":"2021-05-17T20:06:39","date_gmt":"2021-05-17T18:06:39","guid":{"rendered":"http:\/\/poissonzebre.engarderecords.com\/?page_id=6"},"modified":"2021-05-18T16:18:08","modified_gmt":"2021-05-18T14:18:08","slug":"beautiful-portfolios-for-exceptional-creatives","status":"publish","type":"page","link":"https:\/\/poissonzebre.engarderecords.com\/","title":{"rendered":"Un livre d&#8217;art unique, <\/br> par Clotilde Penet et Anne-Sol\u00e8ne Taillardat. <\/br><\/br> Une rencontre entre la po\u00e9sie et la photographie <\/br> aussi subtile que puissante."},"content":{"rendered":"\n<div class=\"wp-block-group alignfull has-background\" style=\"background-color:#e5e9ec\"><div class=\"wp-block-group__inner-container\">\n<div class=\"wp-block-columns alignwide\">\n<div class=\"wp-block-column is-vertically-aligned-center\">\n<h2><strong>Les mots simples, justes, intenses.<\/strong><\/h2>\n\n\n\n<div class=\"wp-block-buttons is-content-justification-left\">\n<div class=\"wp-block-button is-style-outline\"><a class=\"wp-block-button__link no-border-radius\" href=\"#poetry\">LIRE les Po\u00e8mes<\/a><\/div>\n<\/div>\n<\/div>\n\n\n\n<div class=\"wp-block-column is-vertically-aligned-top\">\n<figure class=\"wp-block-image size-large\"><img src=\"http:\/\/poissonzebre.engarderecords.com\/wp-content\/uploads\/2021\/05\/BACK1-MonOmbre5.jpg\" alt=\"\" class=\"wp-image-31\"\/><\/figure>\n<\/div>\n<\/div>\n<\/div><\/div>\n\n\n\n<div class=\"wp-block-group alignfull has-white-background-color has-background\"><div class=\"wp-block-group__inner-container\">\n<div class=\"wp-block-columns alignwide\">\n<div class=\"wp-block-column\">\n<figure class=\"wp-block-image size-large\"><img loading=\"lazy\" width=\"1024\" height=\"683\" src=\"http:\/\/poissonzebre.engarderecords.com\/wp-content\/uploads\/2021\/05\/BACK2-DansmaValise3-1024x683.jpg\" alt=\"\" class=\"wp-image-32\" srcset=\"https:\/\/poissonzebre.engarderecords.com\/wp-content\/uploads\/2021\/05\/BACK2-DansmaValise3-1024x683.jpg 1024w, https:\/\/poissonzebre.engarderecords.com\/wp-content\/uploads\/2021\/05\/BACK2-DansmaValise3-300x200.jpg 300w, https:\/\/poissonzebre.engarderecords.com\/wp-content\/uploads\/2021\/05\/BACK2-DansmaValise3-768x512.jpg 768w, https:\/\/poissonzebre.engarderecords.com\/wp-content\/uploads\/2021\/05\/BACK2-DansmaValise3-1536x1024.jpg 1536w, https:\/\/poissonzebre.engarderecords.com\/wp-content\/uploads\/2021\/05\/BACK2-DansmaValise3-2048x1365.jpg 2048w, https:\/\/poissonzebre.engarderecords.com\/wp-content\/uploads\/2021\/05\/BACK2-DansmaValise3-2000x1333.jpg 2000w, https:\/\/poissonzebre.engarderecords.com\/wp-content\/uploads\/2021\/05\/BACK2-DansmaValise3-1800x1200.jpg 1800w\" sizes=\"(max-width: 1024px) 100vw, 1024px\" \/><\/figure>\n<\/div>\n\n\n\n<div class=\"wp-block-column is-vertically-aligned-center\">\n<h2><strong><strong>Les images captur\u00e9es avec <strong>gr\u00e2ce<\/strong>.<\/strong><\/strong><\/h2>\n\n\n\n<div class=\"wp-block-buttons is-content-justification-left\">\n<div class=\"wp-block-button is-style-outline\"><a class=\"wp-block-button__link no-border-radius\" href=\"#gallery\">Voir les photos<\/a><\/div>\n<\/div>\n<\/div>\n<\/div>\n<\/div><\/div>\n\n\n\n<div class=\"wp-block-group alignfull has-black-background-color has-background\" id=\"gallery\"><div class=\"wp-block-group__inner-container\">\n<figure class=\"wp-block-gallery aligncenter columns-3 is-cropped\"><ul class=\"blocks-gallery-grid\"><li class=\"blocks-gallery-item\"><figure><img loading=\"lazy\" width=\"1024\" height=\"683\" src=\"http:\/\/poissonzebre.engarderecords.com\/wp-content\/uploads\/2021\/05\/NosAiles2-1024x683.jpg\" alt=\"\" data-id=\"34\" data-full-url=\"http:\/\/poissonzebre.engarderecords.com\/wp-content\/uploads\/2021\/05\/NosAiles2-scaled.jpg\" data-link=\"http:\/\/poissonzebre.engarderecords.com\/nosailes2\/\" class=\"wp-image-34\" srcset=\"https:\/\/poissonzebre.engarderecords.com\/wp-content\/uploads\/2021\/05\/NosAiles2-1024x683.jpg 1024w, https:\/\/poissonzebre.engarderecords.com\/wp-content\/uploads\/2021\/05\/NosAiles2-300x200.jpg 300w, https:\/\/poissonzebre.engarderecords.com\/wp-content\/uploads\/2021\/05\/NosAiles2-768x512.jpg 768w, https:\/\/poissonzebre.engarderecords.com\/wp-content\/uploads\/2021\/05\/NosAiles2-1536x1024.jpg 1536w, https:\/\/poissonzebre.engarderecords.com\/wp-content\/uploads\/2021\/05\/NosAiles2-2048x1365.jpg 2048w, https:\/\/poissonzebre.engarderecords.com\/wp-content\/uploads\/2021\/05\/NosAiles2-2000x1333.jpg 2000w, https:\/\/poissonzebre.engarderecords.com\/wp-content\/uploads\/2021\/05\/NosAiles2-1800x1200.jpg 1800w\" sizes=\"(max-width: 1024px) 100vw, 1024px\" \/><\/figure><\/li><li class=\"blocks-gallery-item\"><figure><img loading=\"lazy\" width=\"1024\" height=\"683\" src=\"http:\/\/poissonzebre.engarderecords.com\/wp-content\/uploads\/2021\/05\/BACK3-3emejour1-1024x683.jpg\" alt=\"\" data-id=\"30\" data-full-url=\"http:\/\/poissonzebre.engarderecords.com\/wp-content\/uploads\/2021\/05\/BACK3-3emejour1-scaled.jpg\" data-link=\"http:\/\/poissonzebre.engarderecords.com\/back3-3emejour1\/\" class=\"wp-image-30\" srcset=\"https:\/\/poissonzebre.engarderecords.com\/wp-content\/uploads\/2021\/05\/BACK3-3emejour1-1024x683.jpg 1024w, https:\/\/poissonzebre.engarderecords.com\/wp-content\/uploads\/2021\/05\/BACK3-3emejour1-300x200.jpg 300w, https:\/\/poissonzebre.engarderecords.com\/wp-content\/uploads\/2021\/05\/BACK3-3emejour1-768x512.jpg 768w, https:\/\/poissonzebre.engarderecords.com\/wp-content\/uploads\/2021\/05\/BACK3-3emejour1-1536x1024.jpg 1536w, https:\/\/poissonzebre.engarderecords.com\/wp-content\/uploads\/2021\/05\/BACK3-3emejour1-2048x1365.jpg 2048w, https:\/\/poissonzebre.engarderecords.com\/wp-content\/uploads\/2021\/05\/BACK3-3emejour1-2000x1333.jpg 2000w, https:\/\/poissonzebre.engarderecords.com\/wp-content\/uploads\/2021\/05\/BACK3-3emejour1-1800x1200.jpg 1800w\" sizes=\"(max-width: 1024px) 100vw, 1024px\" \/><\/figure><\/li><li class=\"blocks-gallery-item\"><figure><img loading=\"lazy\" width=\"1024\" height=\"683\" src=\"http:\/\/poissonzebre.engarderecords.com\/wp-content\/uploads\/2021\/05\/BienSur5-1024x683.jpg\" alt=\"\" data-id=\"36\" data-full-url=\"http:\/\/poissonzebre.engarderecords.com\/wp-content\/uploads\/2021\/05\/BienSur5-scaled.jpg\" data-link=\"http:\/\/poissonzebre.engarderecords.com\/biensur5\/\" class=\"wp-image-36\" srcset=\"https:\/\/poissonzebre.engarderecords.com\/wp-content\/uploads\/2021\/05\/BienSur5-1024x683.jpg 1024w, https:\/\/poissonzebre.engarderecords.com\/wp-content\/uploads\/2021\/05\/BienSur5-300x200.jpg 300w, https:\/\/poissonzebre.engarderecords.com\/wp-content\/uploads\/2021\/05\/BienSur5-768x512.jpg 768w, https:\/\/poissonzebre.engarderecords.com\/wp-content\/uploads\/2021\/05\/BienSur5-1536x1024.jpg 1536w, https:\/\/poissonzebre.engarderecords.com\/wp-content\/uploads\/2021\/05\/BienSur5-2048x1365.jpg 2048w, https:\/\/poissonzebre.engarderecords.com\/wp-content\/uploads\/2021\/05\/BienSur5-2000x1333.jpg 2000w, https:\/\/poissonzebre.engarderecords.com\/wp-content\/uploads\/2021\/05\/BienSur5-1800x1200.jpg 1800w\" sizes=\"(max-width: 1024px) 100vw, 1024px\" \/><\/figure><\/li><li class=\"blocks-gallery-item\"><figure><img loading=\"lazy\" width=\"1024\" height=\"680\" src=\"http:\/\/poissonzebre.engarderecords.com\/wp-content\/uploads\/2021\/05\/Ancree4-1024x680.jpg\" alt=\"\" data-id=\"37\" data-full-url=\"http:\/\/poissonzebre.engarderecords.com\/wp-content\/uploads\/2021\/05\/Ancree4-scaled.jpg\" data-link=\"http:\/\/poissonzebre.engarderecords.com\/ancree4\/\" class=\"wp-image-37\" srcset=\"https:\/\/poissonzebre.engarderecords.com\/wp-content\/uploads\/2021\/05\/Ancree4-1024x680.jpg 1024w, https:\/\/poissonzebre.engarderecords.com\/wp-content\/uploads\/2021\/05\/Ancree4-300x199.jpg 300w, https:\/\/poissonzebre.engarderecords.com\/wp-content\/uploads\/2021\/05\/Ancree4-768x510.jpg 768w, https:\/\/poissonzebre.engarderecords.com\/wp-content\/uploads\/2021\/05\/Ancree4-1536x1019.jpg 1536w, https:\/\/poissonzebre.engarderecords.com\/wp-content\/uploads\/2021\/05\/Ancree4-2048x1359.jpg 2048w, https:\/\/poissonzebre.engarderecords.com\/wp-content\/uploads\/2021\/05\/Ancree4-2000x1327.jpg 2000w, https:\/\/poissonzebre.engarderecords.com\/wp-content\/uploads\/2021\/05\/Ancree4-1800x1195.jpg 1800w\" sizes=\"(max-width: 1024px) 100vw, 1024px\" \/><\/figure><\/li><li class=\"blocks-gallery-item\"><figure><img loading=\"lazy\" width=\"1024\" height=\"683\" src=\"http:\/\/poissonzebre.engarderecords.com\/wp-content\/uploads\/2021\/05\/EntreLezardPapillon5-1024x683.jpg\" alt=\"\" data-id=\"39\" data-full-url=\"http:\/\/poissonzebre.engarderecords.com\/wp-content\/uploads\/2021\/05\/EntreLezardPapillon5-scaled.jpg\" data-link=\"http:\/\/poissonzebre.engarderecords.com\/entrelezardpapillon5\/\" class=\"wp-image-39\" srcset=\"https:\/\/poissonzebre.engarderecords.com\/wp-content\/uploads\/2021\/05\/EntreLezardPapillon5-1024x683.jpg 1024w, https:\/\/poissonzebre.engarderecords.com\/wp-content\/uploads\/2021\/05\/EntreLezardPapillon5-300x200.jpg 300w, https:\/\/poissonzebre.engarderecords.com\/wp-content\/uploads\/2021\/05\/EntreLezardPapillon5-768x512.jpg 768w, https:\/\/poissonzebre.engarderecords.com\/wp-content\/uploads\/2021\/05\/EntreLezardPapillon5-1536x1024.jpg 1536w, https:\/\/poissonzebre.engarderecords.com\/wp-content\/uploads\/2021\/05\/EntreLezardPapillon5-2048x1365.jpg 2048w, https:\/\/poissonzebre.engarderecords.com\/wp-content\/uploads\/2021\/05\/EntreLezardPapillon5-2000x1333.jpg 2000w, https:\/\/poissonzebre.engarderecords.com\/wp-content\/uploads\/2021\/05\/EntreLezardPapillon5-1800x1200.jpg 1800w\" sizes=\"(max-width: 1024px) 100vw, 1024px\" \/><\/figure><\/li><li class=\"blocks-gallery-item\"><figure><img loading=\"lazy\" width=\"1024\" height=\"683\" src=\"http:\/\/poissonzebre.engarderecords.com\/wp-content\/uploads\/2021\/05\/DansmaValise6-1024x683.jpg\" alt=\"\" data-id=\"38\" data-full-url=\"http:\/\/poissonzebre.engarderecords.com\/wp-content\/uploads\/2021\/05\/DansmaValise6-scaled.jpg\" data-link=\"http:\/\/poissonzebre.engarderecords.com\/dansmavalise6\/\" class=\"wp-image-38\" srcset=\"https:\/\/poissonzebre.engarderecords.com\/wp-content\/uploads\/2021\/05\/DansmaValise6-1024x683.jpg 1024w, https:\/\/poissonzebre.engarderecords.com\/wp-content\/uploads\/2021\/05\/DansmaValise6-300x200.jpg 300w, https:\/\/poissonzebre.engarderecords.com\/wp-content\/uploads\/2021\/05\/DansmaValise6-768x512.jpg 768w, https:\/\/poissonzebre.engarderecords.com\/wp-content\/uploads\/2021\/05\/DansmaValise6-1536x1024.jpg 1536w, https:\/\/poissonzebre.engarderecords.com\/wp-content\/uploads\/2021\/05\/DansmaValise6-2048x1365.jpg 2048w, https:\/\/poissonzebre.engarderecords.com\/wp-content\/uploads\/2021\/05\/DansmaValise6-2000x1333.jpg 2000w, https:\/\/poissonzebre.engarderecords.com\/wp-content\/uploads\/2021\/05\/DansmaValise6-1800x1200.jpg 1800w\" sizes=\"(max-width: 1024px) 100vw, 1024px\" \/><\/figure><\/li><\/ul><\/figure>\n\n\n\n<p class=\"has-text-align-right has-white-color has-text-color\">\u00a9 Photographies: Clotilde Penet &#8211; tous droits r\u00e9serv\u00e9s<\/p>\n<\/div><\/div>\n\n\n\n<div class=\"wp-block-group alignfull has-black-color has-text-color has-background\" id=\"poetry\" style=\"background-color:#e5e9ec\"><div class=\"wp-block-group__inner-container\">\n<p> <br><br><\/p>\n\n\n\n<div class=\"wp-block-columns\">\n<div class=\"wp-block-column\">\n<h2>Tant Que<\/h2>\n\n\n\n<p>Tant que &#8220;trop tard&#8221; sera rang\u00e9 sur le rayon des impossibles<br>Tant que l&#8217;horizon sera attach\u00e9 au bout du ciel m\u00eame par un fil<br>Tant que l&#8217;aube succ\u00e8dera \u00e0 la nuit m\u00eame pour lui rec\u00e9der la place<br>Tant que les \u00e9toiles fileront nos vies sans se retourner sur nos traces.<br>Tant que la paix du nouveau-n\u00e9 fera na\u00eetre un sourire sur nos l\u00e8vres<br>Tant qu&#8217;on bercera nos a\u00een\u00e9s avec la fureur de nos r\u00eaves<br>Tant qu&#8217;on enveloppera nos mouflets d&#8217;amour, d&#8217;espoir et de po\u00e9sie<br>Tant qu&#8217;on dressera nos chevalets devant les tanks de leur folie.<br>Tant qu&#8217;on fera tomber les casques et qu&#8217;on d\u00e9samorcera les bombes<br>Tant qu&#8217;on fera tomber les masques et qu\u2019on \u00e9l\u00e8vera des colombes<br>Tant qu&#8217;on \u00e9crira sur les murs nos joies, nos rages et nos combats<br>Tant qu&#8217;on partagera les murmures des \u00e9ternels guidant nos pas.<br>Tant qu&#8217;on ne cherchera fortune que dans le coeur de celui d&#8217;en face<br>Tant qu&#8217;on se confiera \u00e0 la lune, adoss\u00e9s \u00e0 nos carapaces<br>Tant qu&#8217;on ne laissera pas s&#8217;effacer la magie et les traces d&#8217;enfance<br>Tant que le monde voudra bien tourner\u2026 et on se fout de savoir dans quel sens\u2026<br><br><\/p>\n<\/div>\n<\/div>\n<\/div><\/div>\n\n\n\n<div class=\"wp-block-group alignfull\"><div class=\"wp-block-group__inner-container\">\n<div class=\"wp-block-columns alignwide are-vertically-aligned-center\">\n<div class=\"wp-block-column is-vertically-aligned-center\">\n<h3>Po\u00e8mes lus par Anne-Sol\u00e8ne Taillardat<\/h3>\n\n\n\n<p>Ecoutez le po\u00e8me &#8216;<strong>XXX<\/strong>&#8216;<\/p>\n\n\n\n<pre class=\"wp-block-code\"><code><figure class=\"wp-block-audio\"><audio controls=\"\" src=\"http:\/\/poissonzebre.engarderecords.com\/wp-content\/uploads\/2021\/05\/Ras-Michael-No-Hoppers.mp3\" controlslist=\"nodownload\"><\/audio><\/figure><\/code><\/pre>\n<\/div>\n<\/div>\n<\/div><\/div>\n\n\n\n<div class=\"wp-block-cover alignfull has-background-dim-40 has-black-background-color has-background-dim has-parallax is-position-center-center\" style=\"background-image:url(http:\/\/poissonzebre.engarderecords.com\/wp-content\/uploads\/2021\/05\/DanslesYeuxdemaGM4-scaled.jpg);min-height:375px\"><div class=\"wp-block-cover__inner-container\">\n<p class=\"has-text-align-center has-text-color has-huge-font-size\" style=\"color:#fffffa;line-height:1.1\"><strong>Contribuez \u00e0 la r\u00e9alisation de ce livre fabuleux !<\/strong><\/p>\n\n\n\n<p class=\"has-text-align-center\">Soutenez le projet sur HelloAsso et aidez-nous \u00e0 rassembler les fonds pour lancer l&#8217;impression et la publication de ce recueil unique<\/p>\n\n\n\n<div class=\"wp-block-buttons is-content-justification-center\">\n<div class=\"wp-block-button is-style-outline\"><a class=\"wp-block-button__link has-white-color has-text-color no-border-radius\" href=\"#\" target=\"_blank\" rel=\"noreferrer noopener\">Participez au crowdfunding !<\/a><\/div>\n<\/div>\n<\/div><\/div>\n","protected":false},"excerpt":{"rendered":"","protected":false},"author":1,"featured_media":20,"parent":0,"menu_order":0,"comment_status":"closed","ping_status":"closed","template":"","meta":[],"_links":{"self":[{"href":"https:\/\/poissonzebre.engarderecords.com\/index.php\/wp-json\/wp\/v2\/pages\/6"}],"collection":[{"href":"https:\/\/poissonzebre.engarderecords.com\/index.php\/wp-json\/wp\/v2\/pages"}],"about":[{"href":"https:\/\/poissonzebre.engarderecords.com\/index.php\/wp-json\/wp\/v2\/types\/page"}],"author":[{"embeddable":true,"href":"https:\/\/poissonzebre.engarderecords.com\/index.php\/wp-json\/wp\/v2\/users\/1"}],"replies":[{"embeddable":true,"href":"https:\/\/poissonzebre.engarderecords.com\/index.php\/wp-json\/wp\/v2\/comments?post=6"}],"version-history":[{"count":49,"href":"https:\/\/poissonzebre.engarderecords.com\/index.php\/wp-json\/wp\/v2\/pages\/6\/revisions"}],"predecessor-version":[{"id":92,"href":"https:\/\/poissonzebre.engarderecords.com\/index.php\/wp-json\/wp\/v2\/pages\/6\/revisions\/92"}],"wp:featuredmedia":[{"embeddable":true,"href":"https:\/\/poissonzebre.engarderecords.com\/index.php\/wp-json\/wp\/v2\/media\/20"}],"wp:attachment":[{"href":"https:\/\/poissonzebre.engarderecords.com\/index.php\/wp-json\/wp\/v2\/media?parent=6"}],"curies":[{"name":"wp","href":"https:\/\/api.w.org\/{rel}","templated":true}]}}